{"id":7966,"date":"2017-10-23T15:06:52","date_gmt":"2017-10-23T13:06:52","guid":{"rendered":"https:\/\/kodmalopolska.pl\/?page_id=7966"},"modified":"2019-07-27T18:34:41","modified_gmt":"2019-07-27T16:34:41","slug":"radaregionu","status":"publish","type":"page","link":"https:\/\/kodmalopolska.pl\/?page_id=7966","title":{"rendered":"Rada Regionu"},"content":{"rendered":"<p>Rada regionu jest cia\u0142em doradczym dla zarz\u0105du regionu w sprawach dotycz\u0105cych dzia\u0142alno\u015bci oddzia\u0142u regionalnego.<\/p>\n<p>W sk\u0142ad rady regionu wchodz\u0105 przewodnicz\u0105cy zarz\u0105d\u00f3w wszystkich grup lokalnych w danym regionie, lub wskazani przez nich cz\u0142onkowie zarz\u0105du grupy lokalnej.<\/p>\n<p>Rada regionu opiniuje projekty regulamin\u00f3w uchwalanych przez regionalne walne zebranie cz\u0142onk\u00f3w (delegat\u00f3w) przedstawiane jej przez zarz\u0105d regionu.<\/p>\n<p>Sk\u0142ad Rady Regionu:<\/p>\n<ul>\n<li>Artur Pi\u00f3ro (GL Krak\u00f3w &#8211; \u015ar\u00f3dmie\u015bcie) &#8211; przewodnicz\u0105cy<\/li>\n<li>Piotr Kalista (GL Krak\u00f3w &#8211; Podg\u00f3rze) &#8211; wiceprzewodnicz\u0105cy<\/li>\n<li>Pawe\u0142 Winsczyk (Podhala\u0144ska GL) &#8211; wiceprzewodnicz\u0105cy<\/li>\n<li>Ma\u0142gorzata Figa-Tomi\u0144ska (GL Krak\u00f3w &#8211; Nowa Huta)<\/li>\n<li>Monika \u0141yszczak (Tarnowsko-D\u0105browska GL)<\/li>\n<li>Maciej Nalepa (My\u015blenicka GL)<\/li>\n<li>Andrzej Nowicki (Wadowicko &#8211; Suska GL)<\/li>\n<li>Zbigniew Pawe\u0142czyk (O\u015bwi\u0119cimsko &#8211; Chrzanowska GL)<\/li>\n<li>Mieczys\u0142aw Piechota (GL Krak\u00f3w &#8211; Krowodrza)<\/li>\n<li>Edward Ucherski (S\u0105decko &#8211; Gorlicka GL)<\/li>\n<li>Grzegorz Wi\u015bniowski (Olkuska GL)<\/li>\n<\/ul>\n\n\n<p><\/p>\n","protected":false},"excerpt":{"rendered":"<p>Rada regionu jest cia\u0142em doradczym dla zarz\u0105du regionu w sprawach dotycz\u0105cych dzia\u0142alno\u015bci oddzia\u0142u regionalnego. W sk\u0142ad rady regionu wchodz\u0105 przewodnicz\u0105cy [&#8230;]<\/p>\n","protected":false},"author":24,"featured_media":7972,"parent":0,"menu_order":0,"comment_status":"closed","ping_status":"closed","template":"page-blog-3-column.php","meta":{"_EventAllDay":false,"_EventTimezone":"","_EventStartDate":"","_EventEndDate":"","_EventStartDateUTC":"","_EventEndDateUTC":"","_EventShowMap":false,"_EventShowMapLink":false,"_EventURL":"","_EventCost":"","_EventCostDescription":"","_EventCurrencySymbol":"","_EventCurrencyCode":"","_EventCurrencyPosition":"","_EventDateTimeSeparator":"","_EventTimeRangeSeparator":"","_EventOrganizerID":[],"_EventVenueID":[],"_OrganizerEmail":"","_OrganizerPhone":"","_OrganizerWebsite":"","_VenueAddress":"","_VenueCity":"","_VenueCountry":"","_VenueProvince":"","_VenueState":"","_VenueZip":"","_VenuePhone":"","_VenueURL":"","_VenueStateProvince":"","_VenueLat":"","_VenueLng":"","_VenueShowMap":false,"_VenueShowMapLink":false,"footnotes":""},"categories":[],"tags":[],"class_list":["post-7966","page","type-page","status-publish","has-post-thumbnail","hentry"],"_links":{"self":[{"href":"https:\/\/kodmalopolska.pl\/index.php?rest_route=\/wp\/v2\/pages\/7966","targetHints":{"allow":["GET"]}}],"collection":[{"href":"https:\/\/kodmalopolska.pl\/index.php?rest_route=\/wp\/v2\/pages"}],"about":[{"href":"https:\/\/kodmalopolska.pl\/index.php?rest_route=\/wp\/v2\/types\/page"}],"author":[{"embeddable":true,"href":"https:\/\/kodmalopolska.pl\/index.php?rest_route=\/wp\/v2\/users\/24"}],"replies":[{"embeddable":true,"href":"https:\/\/kodmalopolska.pl\/index.php?rest_route=%2Fwp%2Fv2%2Fcomments&post=7966"}],"version-history":[{"count":0,"href":"https:\/\/kodmalopolska.pl\/index.php?rest_route=\/wp\/v2\/pages\/7966\/revisions"}],"wp:featuredmedia":[{"embeddable":true,"href":"https:\/\/kodmalopolska.pl\/index.php?rest_route=\/wp\/v2\/media\/7972"}],"wp:attachment":[{"href":"https:\/\/kodmalopolska.pl\/index.php?rest_route=%2Fwp%2Fv2%2Fmedia&parent=7966"}],"wp:term":[{"taxonomy":"category","embeddable":true,"href":"https:\/\/kodmalopolska.pl\/index.php?rest_route=%2Fwp%2Fv2%2Fcategories&post=7966"},{"taxonomy":"post_tag","embeddable":true,"href":"https:\/\/kodmalopolska.pl\/index.php?rest_route=%2Fwp%2Fv2%2Ftags&post=7966"}],"curies":[{"name":"wp","href":"https:\/\/api.w.org\/{rel}","templated":true}]}}