{"id":7447,"date":"2017-07-22T16:56:06","date_gmt":"2017-07-22T14:56:06","guid":{"rendered":"https:\/\/kodmalopolska.pl\/?page_id=7447"},"modified":"2023-06-05T11:57:51","modified_gmt":"2023-06-05T09:57:51","slug":"wsparcie","status":"publish","type":"page","link":"https:\/\/kodmalopolska.pl\/?page_id=7447","title":{"rendered":"Wspom\u00f3\u017c nas finansowo! Przeka\u017c nam darowizn\u0119 i odlicz j\u0105 od podatku!"},"content":{"rendered":"\n<p> <\/p>\n\n\n\n<p><strong>Szanowni Pa\u0144stwo, <\/strong><\/p>\n\n\n\n<p>Nasza dzia\u0142alno\u015b\u0107 na rzecz demokracji wymaga nak\u0142ad\u00f3w finansowych. Mog\u0105 Pa\u0144stwo przekaza\u0107 darowizn\u0119 na rzecz stowarzyszenia Komitet Obrony Demokracji na realizacj\u0119 naszych cel\u00f3w statutowych lub wesprze\u0107 zrzutk\u0119 za\u0142o\u017con\u0105 w tym samym celu. <\/p>\n\n\n\n<div style=\"position: relative; width: 100%; height: 400px; overflow: hidden;\"><iframe style=\"position: absolute; top:0; left: 0; bottom: 0; right: 0; width: 100%; height: 100%;\" src=\"https:\/\/zrzutka.pl\/fzen9a\/widget\/13\" frameborder=\"0\" scrolling=\"no\"><\/iframe><\/div>\n\n\n\n<p>Darowizn\u0119 mo\u017cna odliczy\u0107 od podstawy opodatkowania do wysoko\u015bci 6%, w przypadku os\u00f3b prawnych \u2014 do 10%. Konieczne jest zachowanie dowodu wp\u0142aty na rachunek bankowy, z zaznaczeniem, \u017ce przekazywana darowizna jest przeznaczona na cele statutowe stowarzyszenia. <\/p>\n\n\n\n<figure class=\"wp-block-video\"><video controls src=\"https:\/\/kodmalopolska.pl\/wp-content\/uploads\/2023\/02\/1-5-pozytywny.mp4\"><\/video><\/figure>\n\n\n\n<p>Wp\u0142at mo\u017cna dokonywa\u0107 na poni\u017cszy rachunek: <br \/>Komitet Obrony Demokracji<br \/><strong>03 1950 0001 2006 7267 0847 0009 <\/strong><br \/>IBAN: PL 03 1950 0001 2006 7267 0847 0009 <br \/>SWIFT\/BIC : IEEAPLPA <br \/>opis przelewu: <strong>darowizna na cele statutowe stowarzyszenia Komitet Obrony Demokracji Region Ma\u0142opolskie<\/strong><\/p>\n\n\n\n<p>Wszystkie Pa\u0144stwa wp\u0142aty zasil\u0105 nasze dzia\u0142ania i b\u0119d\u0105 wykorzystywane przez Region Ma\u0142opolskie KOD.<\/p>\n\n\n\n<figure class=\"wp-block-gallery has-nested-images columns-default is-cropped wp-block-gallery-1 is-layout-flex wp-block-gallery-is-layout-flex\">\n<figure class=\"wp-block-image size-full\"><a href=\"https:\/\/ruchkod.pl\/zakoduj-1\/\" target=\"_blank\" rel=\"noopener\"><img loading=\"lazy\" decoding=\"async\" width=\"381\" height=\"214\" data-id=\"35023\" src=\"https:\/\/kodmalopolska.pl\/wp-content\/uploads\/2023\/02\/1_5procentDlaKOD.jpg\" alt=\"\" class=\"wp-image-35023\"\/><\/a><figcaption class=\"wp-element-caption\"><strong>PRZEKIEROWANIE NA STRON\u0118 ruchkod.pl<\/strong><\/figcaption><\/figure>\n<\/figure>\n\n\n\n<p class=\"has-very-dark-gray-color has-text-color\">Mo\u017cesz nas tak\u017ce wesprze\u0107, przekazuj\u0105c <strong>1,5% swojego podatku.<\/strong><br \/>By to zrobi\u0107, wpisz w zeznanie podatkowe <strong>nr KRS 0000604562<\/strong>.<\/p>\n\n\n\n<p><strong>DZI\u0118KUJEMY I PROSIMY O WASZE WSPARCIE !!!<\/strong><\/p>\n","protected":false},"excerpt":{"rendered":"<p>Szanowni Pa\u0144stwo, Nasza dzia\u0142alno\u015b\u0107 na rzecz demokracji wymaga nak\u0142ad\u00f3w finansowych. Mog\u0105 Pa\u0144stwo przekaza\u0107 darowizn\u0119 na rzecz stowarzyszenia Komitet Obrony Demokracji [&#8230;]<\/p>\n","protected":false},"author":1,"featured_media":35023,"parent":0,"menu_order":0,"comment_status":"closed","ping_status":"closed","template":"","meta":{"_EventAllDay":false,"_EventTimezone":"","_EventStartDate":"","_EventEndDate":"","_EventStartDateUTC":"","_EventEndDateUTC":"","_EventShowMap":false,"_EventShowMapLink":false,"_EventURL":"","_EventCost":"","_EventCostDescription":"","_EventCurrencySymbol":"","_EventCurrencyCode":"","_EventCurrencyPosition":"","_EventDateTimeSeparator":"","_EventTimeRangeSeparator":"","_EventOrganizerID":[],"_EventVenueID":[],"_OrganizerEmail":"","_OrganizerPhone":"","_OrganizerWebsite":"","_VenueAddress":"","_VenueCity":"","_VenueCountry":"","_VenueProvince":"","_VenueState":"","_VenueZip":"","_VenuePhone":"","_VenueURL":"","_VenueStateProvince":"","_VenueLat":"","_VenueLng":"","_VenueShowMap":false,"_VenueShowMapLink":false,"footnotes":""},"categories":[],"tags":[],"class_list":["post-7447","page","type-page","status-publish","has-post-thumbnail","hentry"],"_links":{"self":[{"href":"https:\/\/kodmalopolska.pl\/index.php?rest_route=\/wp\/v2\/pages\/7447","targetHints":{"allow":["GET"]}}],"collection":[{"href":"https:\/\/kodmalopolska.pl\/index.php?rest_route=\/wp\/v2\/pages"}],"about":[{"href":"https:\/\/kodmalopolska.pl\/index.php?rest_route=\/wp\/v2\/types\/page"}],"author":[{"embeddable":true,"href":"https:\/\/kodmalopolska.pl\/index.php?rest_route=\/wp\/v2\/users\/1"}],"replies":[{"embeddable":true,"href":"https:\/\/kodmalopolska.pl\/index.php?rest_route=%2Fwp%2Fv2%2Fcomments&post=7447"}],"version-history":[{"count":0,"href":"https:\/\/kodmalopolska.pl\/index.php?rest_route=\/wp\/v2\/pages\/7447\/revisions"}],"wp:featuredmedia":[{"embeddable":true,"href":"https:\/\/kodmalopolska.pl\/index.php?rest_route=\/wp\/v2\/media\/35023"}],"wp:attachment":[{"href":"https:\/\/kodmalopolska.pl\/index.php?rest_route=%2Fwp%2Fv2%2Fmedia&parent=7447"}],"wp:term":[{"taxonomy":"category","embeddable":true,"href":"https:\/\/kodmalopolska.pl\/index.php?rest_route=%2Fwp%2Fv2%2Fcategories&post=7447"},{"taxonomy":"post_tag","embeddable":true,"href":"https:\/\/kodmalopolska.pl\/index.php?rest_route=%2Fwp%2Fv2%2Ftags&post=7447"}],"curies":[{"name":"wp","href":"https:\/\/api.w.org\/{rel}","templated":true}]}}