{"id":7431,"date":"2017-07-22T13:39:17","date_gmt":"2017-07-22T11:39:17","guid":{"rendered":"https:\/\/kodmalopolska.pl\/?page_id=7431"},"modified":"2023-11-02T23:12:13","modified_gmt":"2023-11-02T22:12:13","slug":"deklaracja1","status":"publish","type":"page","link":"https:\/\/kodmalopolska.pl\/?page_id=7431","title":{"rendered":"Do\u0142\u0105cz do nas!"},"content":{"rendered":"<div class=\"wp-block-image is-resized\">\n<figure class=\"aligncenter size-large\"><img loading=\"lazy\" decoding=\"async\" width=\"495\" height=\"320\" src=\"https:\/\/kodmalopolska.pl\/wp-content\/uploads\/2019\/12\/g1116.png\" alt=\"\" class=\"wp-image-14730\" srcset=\"https:\/\/kodmalopolska.pl\/wp-content\/uploads\/2019\/12\/g1116.png 495w, https:\/\/kodmalopolska.pl\/wp-content\/uploads\/2019\/12\/g1116-400x259.png 400w\" sizes=\"auto, (max-width: 495px) 100vw, 495px\" \/><\/figure><\/div>\n\n\n<p><strong>Chcesz wst\u0105pi\u0107 do KOD?<\/strong><\/p>\n\n\n\n<div data-wp-interactive=\"core\/file\" class=\"wp-block-file\"><object data-wp-bind--hidden=\"!state.hasPdfPreview\" hidden class=\"wp-block-file__embed\" data=\"https:\/\/kodmalopolska.pl\/wp-content\/uploads\/2023\/06\/deklaracja_przystapienia_do_KOD_v3.pdf\" type=\"application\/pdf\" style=\"width:100%;height:600px\" aria-label=\"Osadzone z deklaracja_przystapienia_do_KOD_v3.\"><\/object><a id=\"wp-block-file--media-e3174c55-9815-4855-9a59-69e78ae3ced5\" href=\"https:\/\/kodmalopolska.pl\/wp-content\/uploads\/2023\/06\/deklaracja_przystapienia_do_KOD_v3.pdf\">deklaracja_przystapienia_do_KOD_v3<\/a><a href=\"https:\/\/kodmalopolska.pl\/wp-content\/uploads\/2023\/06\/deklaracja_przystapienia_do_KOD_v3.pdf\" class=\"wp-block-file__button wp-element-button\" download aria-describedby=\"wp-block-file--media-e3174c55-9815-4855-9a59-69e78ae3ced5\">Pobierz<\/a><\/div>\n\n\n\n<p>WYPE\u0141NIJ DRUKOWANYMI LITERAMI WSZYSTKIE POLA DEKLARACJI.<br \/>Podanie adresu mailowego u\u0142atwi nam komunikacj\u0119 i wysy\u0142anie bie\u017c\u0105cych informacji.<br \/><br \/>PODPISZ DEKLARACJ\u0118 ORAZ KLAUZUL\u0118 RODO.<\/p>\n\n\n\n<p><strong>NAST\u0118PNIE:<\/strong><\/p>\n\n\n\n<p><strong>Popro\u015b dw\u00f3ch cz\u0142onk\u00f3w KOD o rekomendacj\u0119.<\/strong> Wpisz ich nazwiska i numery legitymacji do deklaracji i popro\u015b ich o podpisy lub przes\u0142anie rekomendacji na adres <a href=\"mailto:czlonkowie@ruchkod.pl\">czlonkowie@ruchkod.pl<\/a>. <strong>Je\u015bli nie znasz albo nie masz mo\u017cliwo\u015bci dope\u0142ni\u0107 tej formalno\u015bci<\/strong>, pozostaw te pola puste i przeka\u017c deklaracj\u0119 zarz\u0105dowi&nbsp;regionu.<\/p>\n\n\n\n<p class=\"has-text-color\" style=\"color:#ed9b33\"><strong>Przeka\u017c deklaracj\u0119 <span style=\"text-decoration: underline;\">zarz\u0105dowi swojego regionu<\/span><\/strong> <br \/>KOD Ma\u0142opolskie<br \/>ul. Blich 3\/14 (w oficynie)<br \/>31-502 Krak\u00f3w <br \/>(<em>dane do kontaktu pozosta\u0142ych region\u00f3w znajdziesz <strong><a href=\"https:\/\/ruchkod.pl\/dane-kontaktowe-kod\/\">TUTAJ<\/a><\/strong><\/em>)<\/p>\n\n\n\n<p>***<\/p>\n\n\n\n<p>Decyzj\u0119 o przyj\u0119ciu do Stowarzyszenia podejmuje Zarz\u0105d G\u0142\u00f3wny KOD w ci\u0105gu najdalej 1 miesi\u0105ca od dnia otrzymania wniosku.<\/p>\n","protected":false},"excerpt":{"rendered":"<p>Chcesz wst\u0105pi\u0107 do KOD? WYPE\u0141NIJ DRUKOWANYMI LITERAMI WSZYSTKIE POLA DEKLARACJI.Podanie adresu mailowego u\u0142atwi nam komunikacj\u0119 i wysy\u0142anie bie\u017c\u0105cych informacji. PODPISZ [&#8230;]<\/p>\n","protected":false},"author":1,"featured_media":0,"parent":0,"menu_order":0,"comment_status":"closed","ping_status":"closed","template":"","meta":{"footnotes":""},"categories":[],"tags":[],"class_list":["post-7431","page","type-page","status-publish","hentry"],"_links":{"self":[{"href":"https:\/\/kodmalopolska.pl\/index.php?rest_route=\/wp\/v2\/pages\/7431","targetHints":{"allow":["GET"]}}],"collection":[{"href":"https:\/\/kodmalopolska.pl\/index.php?rest_route=\/wp\/v2\/pages"}],"about":[{"href":"https:\/\/kodmalopolska.pl\/index.php?rest_route=\/wp\/v2\/types\/page"}],"author":[{"embeddable":true,"href":"https:\/\/kodmalopolska.pl\/index.php?rest_route=\/wp\/v2\/users\/1"}],"replies":[{"embeddable":true,"href":"https:\/\/kodmalopolska.pl\/index.php?rest_route=%2Fwp%2Fv2%2Fcomments&post=7431"}],"version-history":[{"count":0,"href":"https:\/\/kodmalopolska.pl\/index.php?rest_route=\/wp\/v2\/pages\/7431\/revisions"}],"wp:attachment":[{"href":"https:\/\/kodmalopolska.pl\/index.php?rest_route=%2Fwp%2Fv2%2Fmedia&parent=7431"}],"wp:term":[{"taxonomy":"category","embeddable":true,"href":"https:\/\/kodmalopolska.pl\/index.php?rest_route=%2Fwp%2Fv2%2Fcategories&post=7431"},{"taxonomy":"post_tag","embeddable":true,"href":"https:\/\/kodmalopolska.pl\/index.php?rest_route=%2Fwp%2Fv2%2Ftags&post=7431"}],"curies":[{"name":"wp","href":"https:\/\/api.w.org\/{rel}","templated":true}]}}