{"id":6346,"date":"2017-03-14T11:43:51","date_gmt":"2017-03-14T10:43:51","guid":{"rendered":"http:\/\/kodmalopolska.pl\/?page_id=6346"},"modified":"2022-12-25T03:47:58","modified_gmt":"2022-12-25T02:47:58","slug":"faktura","status":"publish","type":"page","link":"https:\/\/kodmalopolska.pl\/?page_id=6346","title":{"rendered":"Dane do faktur"},"content":{"rendered":"<p>Dane do faktur&nbsp; :<\/p>\n<h3>KOMITET OBRONY DEMOKRACJI (KRS:&nbsp;0000604562,&nbsp;NIP:&nbsp;5252649748,&nbsp;REGON:&nbsp;363863027)<\/h3>\n<p>Miejscowo\u015b\u0107: Warszawa<br \/>\nKod pocztowy: 01-144<br \/>\nUlica: G\u00f3rczewska 39<\/p>\n<p>Link do danych KRS : &lt;<a href=\"http:\/\/www.krs-online.com.pl\/komitet-obrony-demokracji-krs-5316141.html\">Klik<\/a>&gt;<\/p>\n","protected":false},"excerpt":{"rendered":"<p>Dane do faktur&nbsp; : KOMITET OBRONY DEMOKRACJI (KRS:&nbsp;0000604562,&nbsp;NIP:&nbsp;5252649748,&nbsp;REGON:&nbsp;363863027) Miejscowo\u015b\u0107: Warszawa Kod pocztowy: 01-144 Ulica: G\u00f3rczewska 39 Link do danych KRS [&#8230;]<\/p>\n","protected":false},"author":1,"featured_media":4825,"parent":0,"menu_order":0,"comment_status":"closed","ping_status":"closed","template":"","meta":{"_EventAllDay":false,"_EventTimezone":"","_EventStartDate":"","_EventEndDate":"","_EventStartDateUTC":"","_EventEndDateUTC":"","_EventShowMap":false,"_EventShowMapLink":false,"_EventURL":"","_EventCost":"","_EventCostDescription":"","_EventCurrencySymbol":"","_EventCurrencyCode":"","_EventCurrencyPosition":"","_EventDateTimeSeparator":"","_EventTimeRangeSeparator":"","_EventOrganizerID":[],"_EventVenueID":[],"_OrganizerEmail":"","_OrganizerPhone":"","_OrganizerWebsite":"","_VenueAddress":"","_VenueCity":"","_VenueCountry":"","_VenueProvince":"","_VenueState":"","_VenueZip":"","_VenuePhone":"","_VenueURL":"","_VenueStateProvince":"","_VenueLat":"","_VenueLng":"","_VenueShowMap":false,"_VenueShowMapLink":false,"footnotes":""},"categories":[298],"tags":[],"class_list":["post-6346","page","type-page","status-publish","has-post-thumbnail","hentry","category-wladze","wladze"],"_links":{"self":[{"href":"https:\/\/kodmalopolska.pl\/index.php?rest_route=\/wp\/v2\/pages\/6346","targetHints":{"allow":["GET"]}}],"collection":[{"href":"https:\/\/kodmalopolska.pl\/index.php?rest_route=\/wp\/v2\/pages"}],"about":[{"href":"https:\/\/kodmalopolska.pl\/index.php?rest_route=\/wp\/v2\/types\/page"}],"author":[{"embeddable":true,"href":"https:\/\/kodmalopolska.pl\/index.php?rest_route=\/wp\/v2\/users\/1"}],"replies":[{"embeddable":true,"href":"https:\/\/kodmalopolska.pl\/index.php?rest_route=%2Fwp%2Fv2%2Fcomments&post=6346"}],"version-history":[{"count":0,"href":"https:\/\/kodmalopolska.pl\/index.php?rest_route=\/wp\/v2\/pages\/6346\/revisions"}],"wp:featuredmedia":[{"embeddable":true,"href":"https:\/\/kodmalopolska.pl\/index.php?rest_route=\/wp\/v2\/media\/4825"}],"wp:attachment":[{"href":"https:\/\/kodmalopolska.pl\/index.php?rest_route=%2Fwp%2Fv2%2Fmedia&parent=6346"}],"wp:term":[{"taxonomy":"category","embeddable":true,"href":"https:\/\/kodmalopolska.pl\/index.php?rest_route=%2Fwp%2Fv2%2Fcategories&post=6346"},{"taxonomy":"post_tag","embeddable":true,"href":"https:\/\/kodmalopolska.pl\/index.php?rest_route=%2Fwp%2Fv2%2Ftags&post=6346"}],"curies":[{"name":"wp","href":"https:\/\/api.w.org\/{rel}","templated":true}]}}