{"id":5922,"date":"2017-01-27T21:34:47","date_gmt":"2017-01-27T20:34:47","guid":{"rendered":"http:\/\/kodmalopolska.pl\/?page_id=5922"},"modified":"2017-01-28T01:28:47","modified_gmt":"2017-01-28T00:28:47","slug":"pomoc-prawna-kod-malopolska-dla-uczestnikow-demonstracji-pod-wawelem","status":"publish","type":"page","link":"https:\/\/kodmalopolska.pl\/?page_id=5922","title":{"rendered":"Pomoc prawna KOD Ma\u0142opolska dla uczestnik\u00f3w demonstracji pod Wawelem"},"content":{"rendered":"<h2>Pomoc prawna KOD Ma\u0142opolska dla uczestnik\u00f3w demonstracji pod Wawelem<\/h2>\n<p><strong>O\u015aWIADCZENIE ZARZ\u0104DU REGIONU MA\u0141OPOLSKIEGO<\/strong><\/p>\n<p><strong>Stowarzyszenia \u201cKOMITET OBRONY DEMOKRACJI\u201d<\/strong><\/p>\n<p><strong>z dnia 27 stycznia 2017 r.<\/strong><\/p>\n<p><strong>w sprawie pomocy Cz\u0142onk\u00f3w Stowarzyszenia <\/strong><\/p>\n<p><strong>dla os\u00f3b represjonowanych przez w\u0142adze publiczne<\/strong><\/p>\n<p>&nbsp;<\/p>\n<p>&nbsp;<\/p>\n<p>Zarz\u0105d Regionu Ma\u0142opolskiego stowarzyszenia \u201eKomitet Obrony Demokracji\u201d w zakresie swej kompetencji o\u015bwiadcza, \u017ce cz\u0142onkowie Stowarzyszenia udziel\u0105 niezb\u0119dnej opieki prawnej, organizacyjnej i psychologicznej, ka\u017cdemu, wobec kogo za wyznawane i wyra\u017cane pogl\u0105dy\u00a0 w\u0142adze publiczne podj\u0119\u0142y dzia\u0142ania prawne. Osoby kt\u00f3re obawiaj\u0105 si\u0119 represji b\u0105d\u017a szykan proszone s\u0105 o kontakt osobisty z regionalnym biurem KOD w Krakowie ul. Ko\u015bciuszki 74\/13 w ka\u017cdy czwartek w godzinach 17:30 &#8211; 20:00, a tak\u017ce telefonicznie 515-424-848 lub e-mail <a href=\"mailto:koordynator@kodmalopolska.pl\">interwencja@kodmalopolska.pl<\/a><\/p>\n<p>&nbsp;<\/p>\n<p>Zarz\u0105d Regionu Ma\u0142opolskiego \u201eKomitetu Obrony Demokracji\u201d:<\/p>\n<p>Danuta Fija\u0142\u0142o-Czechmanowska<\/p>\n<p>Micha\u0142 Grzemowski<br \/>\nAndrzej Kowalczyk<br \/>\nTadeusz Ku\u015b<br \/>\nPrzemys\u0142aw Lewandowski<br \/>\nPiotr \u015aroda<br \/>\nFryderyk Zoll<\/p>\n","protected":false},"excerpt":{"rendered":"<p>Pomoc prawna KOD Ma\u0142opolska dla uczestnik\u00f3w demonstracji pod Wawelem O\u015aWIADCZENIE ZARZ\u0104DU REGIONU MA\u0141OPOLSKIEGO Stowarzyszenia \u201cKOMITET OBRONY DEMOKRACJI\u201d z dnia 27 [&#8230;]<\/p>\n","protected":false},"author":1,"featured_media":4822,"parent":5888,"menu_order":0,"comment_status":"closed","ping_status":"closed","template":"page-archives-by-month.php","meta":{"_EventAllDay":false,"_EventTimezone":"","_EventStartDate":"","_EventEndDate":"","_EventStartDateUTC":"","_EventEndDateUTC":"","_EventShowMap":false,"_EventShowMapLink":false,"_EventURL":"","_EventCost":"","_EventCostDescription":"","_EventCurrencySymbol":"","_EventCurrencyCode":"","_EventCurrencyPosition":"","_EventDateTimeSeparator":"","_EventTimeRangeSeparator":"","_EventOrganizerID":[],"_EventVenueID":[],"_OrganizerEmail":"","_OrganizerPhone":"","_OrganizerWebsite":"","_VenueAddress":"","_VenueCity":"","_VenueCountry":"","_VenueProvince":"","_VenueState":"","_VenueZip":"","_VenuePhone":"","_VenueURL":"","_VenueStateProvince":"","_VenueLat":"","_VenueLng":"","_VenueShowMap":false,"_VenueShowMapLink":false,"footnotes":""},"categories":[294,293],"tags":[],"class_list":["post-5922","page","type-page","status-publish","has-post-thumbnail","hentry","category-komunikaty","category-zarzad","komunikaty","zarzad"],"_links":{"self":[{"href":"https:\/\/kodmalopolska.pl\/index.php?rest_route=\/wp\/v2\/pages\/5922","targetHints":{"allow":["GET"]}}],"collection":[{"href":"https:\/\/kodmalopolska.pl\/index.php?rest_route=\/wp\/v2\/pages"}],"about":[{"href":"https:\/\/kodmalopolska.pl\/index.php?rest_route=\/wp\/v2\/types\/page"}],"author":[{"embeddable":true,"href":"https:\/\/kodmalopolska.pl\/index.php?rest_route=\/wp\/v2\/users\/1"}],"replies":[{"embeddable":true,"href":"https:\/\/kodmalopolska.pl\/index.php?rest_route=%2Fwp%2Fv2%2Fcomments&post=5922"}],"version-history":[{"count":0,"href":"https:\/\/kodmalopolska.pl\/index.php?rest_route=\/wp\/v2\/pages\/5922\/revisions"}],"up":[{"embeddable":true,"href":"https:\/\/kodmalopolska.pl\/index.php?rest_route=\/wp\/v2\/pages\/5888"}],"wp:featuredmedia":[{"embeddable":true,"href":"https:\/\/kodmalopolska.pl\/index.php?rest_route=\/wp\/v2\/media\/4822"}],"wp:attachment":[{"href":"https:\/\/kodmalopolska.pl\/index.php?rest_route=%2Fwp%2Fv2%2Fmedia&parent=5922"}],"wp:term":[{"taxonomy":"category","embeddable":true,"href":"https:\/\/kodmalopolska.pl\/index.php?rest_route=%2Fwp%2Fv2%2Fcategories&post=5922"},{"taxonomy":"post_tag","embeddable":true,"href":"https:\/\/kodmalopolska.pl\/index.php?rest_route=%2Fwp%2Fv2%2Ftags&post=5922"}],"curies":[{"name":"wp","href":"https:\/\/api.w.org\/{rel}","templated":true}]}}