{"id":30578,"date":"2022-03-14T13:19:41","date_gmt":"2022-03-14T12:19:41","guid":{"rendered":"https:\/\/kodmalopolska.pl\/?page_id=30578"},"modified":"2022-04-05T22:46:47","modified_gmt":"2022-04-05T20:46:47","slug":"walne2022","status":"publish","type":"page","link":"https:\/\/kodmalopolska.pl\/?page_id=30578","title":{"rendered":"Regionalne Walne Zebranie Cz\u0142onk\u00f3w Regionu Ma\u0142opolskie KOD &#8211; 3 kwietnia 2022"},"content":{"rendered":"\n<h1 class=\"has-text-align-center wp-block-heading\">Zarz\u0105d Regionu Ma\u0142opolskie<br \/>Komitetu Obrony Demokracji<br \/>informuje o zwo\u0142aniu<strong><br \/><\/strong>ZWYCZAJNEGO REGIONALNEGO<br \/>WALNEGO ZEBRANIA CZ\u0141ONK\u00d3W<\/h1>\n\n\n\n<p class=\"has-text-align-center has-white-color has-text-color has-background\" style=\"background-color:#ed9b33\"><strong>Na tej stronie znajd\u0105 Pa\u0144stwo wszystkie aktualne informacje o Zje\u017adzie oraz prezentacje kandydat\u00f3w<\/strong>.<br \/><strong>Wszystkie poni\u017csze informacje znajd\u0105 Pa\u0144stwo r\u00f3wnie\u017c w swoim koncie osobistym na portalu <a href=\"https:\/\/bazakod.pl\/\">bazakod.pl<\/a> w zak\u0142adce Dokumenty \u2192 Zarz\u0105d Regionu \u2192 Regionalne Walne Zebranie (&#8230;)<\/strong><\/p>\n\n\n\n<p>Zebranie odb\u0119dzie si\u0119&nbsp;w dniu <strong>3 kwietnia 2022 r. w Krakowie, ul. Galicyjska 9<\/strong> (EXPO Krak\u00f3w).<\/p>\n\n\n\n<p>Rozpocz\u0119cie zebrania <strong>o godzinie 10:00<\/strong> (pierwszy termin), ul. Galicyjska 9 w Krakowie.<br \/>Rejestracja cz\u0142onk\u00f3w i wydawanie mandat\u00f3w rozpocznie si\u0119 o godz. 9:00.<br \/>W przypadku braku kworum w pierwszym terminie, zebranie odb\u0119dzie si\u0119 w drugim terminie o godz. 10:15.<\/p>\n\n\n\n<p class=\"has-white-color has-text-color has-background\" style=\"background-color:#ff0000\"><strong>Parking przez EXPO b\u0119dzie bezp\u0142atny.<br \/>Poniewa\u017c restauracja b\u0119dzie niestety zamkni\u0119ta, prosimy o zabranie ze sob\u0105 czego\u015b do zjedzenia. Zapewnione b\u0119d\u0105 kawa, herbata i drobny pocz\u0119stunek.<\/strong><\/p>\n\n\n\n<p>G\u0142\u00f3wnym punktem obrad b\u0119dzie wyb\u00f3r nowych w\u0142adz regionu w zwi\u0105zku z up\u0142ywaj\u0105c\u0105 w styczniu kadencj\u0105 obecnych w\u0142adz.<br \/>B\u0119dziemy wybiera\u0107 nowych cz\u0142onk\u00f3w:<\/p>\n\n\n\n<ul class=\"wp-block-list\"><li>Zarz\u0105du Regionu, w tym Przewodnicz\u0105cego<\/li><li>Regionalnej Komisji Rewizyjnej<\/li><li>Regionalnego S\u0105du Kole\u017ce\u0144skiego<\/li><li>delegat\u00f3w na zjazd krajowy<\/li><\/ul>\n\n\n\n<p>W ci\u0105gu kilku najbli\u017cszych dni otrzymaj\u0105 Pa\u0144stwo zawiadomienia o zwo\u0142aniu Zebrania w spos\u00f3b wskazany w deklaracji cz\u0142onkowskiej (mailem lub listem). <\/p>\n\n\n\n<p>Oczekujemy na zg\u0142oszenia ch\u0119tnych kandydat\u00f3w (zg\u0142osi\u0107 mo\u017cna kogo\u015b lub siebie).<\/p>\n\n\n\n<h2 class=\"has-text-color wp-block-heading\" style=\"color:#ed9b33\">Jak zg\u0142osi\u0107 kandydata?<\/h2>\n\n\n\n<p>Zg\u0142oszenia nale\u017cy dokona\u0107 poprzez wype\u0142nienie formularza zg\u0142oszenia kandydata, kt\u00f3ry znajduje si\u0119 poni\u017cej. <strong>WA\u017bNE! Kandydat musi wyrazi\u0107 zgod\u0119 poprzez podpis na formularzu.<\/strong><\/p>\n\n\n\n<p>Formularz zg\u0142oszenia mo\u017cna przekaza\u0107 na 3 sposoby:<br \/>1. W dniu zebrania<br \/>2. Do biura KOD Ma\u0142opolskie (Krak\u00f3w, ul. Ko\u015bciuszki 74\/13) do dnia 31 marca 2022<br \/>3. Skan formularza przes\u0142a\u0107 na adres biuro@kodmalopolska.pl do dnia 31 marca 2022<\/p>\n\n\n\n<h2 class=\"has-text-color wp-block-heading\" style=\"color:#ed9b33\">Dokumenty:<\/h2>\n\n\n\n<div class=\"wp-block-file\"><a id=\"wp-block-file--media-cb6bd1ea-6d5a-4c20-b88c-3b3716d1ffe1\" href=\"https:\/\/kodmalopolska.pl\/wp-content\/uploads\/2022\/03\/uchwala-2022-do-druku.pdf\">&#8211; Uchwa\u0142a nr ZRM\u0141P\/2022\/03\/13\/1 zwo\u0142uj\u0105ca Zebranie<\/a><a href=\"https:\/\/kodmalopolska.pl\/wp-content\/uploads\/2022\/03\/uchwala-2022-do-druku.pdf\" class=\"wp-block-file__button\" download aria-describedby=\"wp-block-file--media-cb6bd1ea-6d5a-4c20-b88c-3b3716d1ffe1\">Pobierz<\/a><\/div>\n\n\n\n<div class=\"wp-block-file\"><a id=\"wp-block-file--media-7a32fd85-f1cb-4481-9508-9582ee105eb2\" href=\"https:\/\/kodmalopolska.pl\/wp-content\/uploads\/2022\/03\/formularz-zgloszenia.pdf\">&#8211; Formularz zg\u0142oszenia kandydata<\/a><a href=\"https:\/\/kodmalopolska.pl\/wp-content\/uploads\/2022\/03\/formularz-zgloszenia.pdf\" class=\"wp-block-file__button\" download aria-describedby=\"wp-block-file--media-7a32fd85-f1cb-4481-9508-9582ee105eb2\">Pobierz<\/a><\/div>\n\n\n\n<div class=\"wp-block-file\"><a id=\"wp-block-file--media-0391917e-7bdf-4160-bcb6-9da3d2fdccd4\" href=\"https:\/\/kodmalopolska.pl\/wp-content\/uploads\/2022\/03\/porzadek-obrad-2022.pdf\">&#8211; Proponowany porz\u0105dek obrad<\/a><a href=\"https:\/\/kodmalopolska.pl\/wp-content\/uploads\/2022\/03\/porzadek-obrad-2022.pdf\" class=\"wp-block-file__button\" download aria-describedby=\"wp-block-file--media-0391917e-7bdf-4160-bcb6-9da3d2fdccd4\">Pobierz<\/a><\/div>\n\n\n\n<div class=\"wp-block-file\"><a id=\"wp-block-file--media-c2b2cc73-9f4f-4eb6-ab4f-3996f9e6f595\" href=\"https:\/\/kodmalopolska.pl\/wp-content\/uploads\/2022\/03\/regulamin-obrad-2022.pdf\">&#8211; Proponowany regulamin obrad<\/a><a href=\"https:\/\/kodmalopolska.pl\/wp-content\/uploads\/2022\/03\/regulamin-obrad-2022.pdf\" class=\"wp-block-file__button\" download aria-describedby=\"wp-block-file--media-c2b2cc73-9f4f-4eb6-ab4f-3996f9e6f595\">Pobierz<\/a><\/div>\n\n\n\n<h2 class=\"has-text-color wp-block-heading\" style=\"color:#ed9b33\">Prezentacje kandydat\u00f3w:<\/h2>\n\n\n\n<p>Ka\u017cdy kandydat, kt\u00f3ry zostanie zg\u0142oszony przed zjazdem ma mo\u017cliwo\u015b\u0107 zamieszczenia prezentacji swojej kandydatury poni\u017cej na tej stronie.<br \/>Prezentacje prosimy przesy\u0142a\u0107 w formacie PDF na adres mailowy biuro@kodmalopolska.pl<\/p>\n\n\n\n<h3 class=\"wp-block-heading\">Kandydaci na PRZEWODNICZ\u0104CEGO\/PRZEWODNICZ\u0104C\u0104 ZARZ\u0104DU REGIONU<\/h3>\n\n\n\n<div class=\"wp-block-file\"><a id=\"wp-block-file--media-15fbbbe8-4f42-435b-976a-1df00798cf8d\" href=\"https:\/\/kodmalopolska.pl\/wp-content\/uploads\/2022\/03\/Prezentacja-EPytel.pdf\">Ewelina Pytel<\/a><a href=\"https:\/\/kodmalopolska.pl\/wp-content\/uploads\/2022\/03\/Prezentacja-EPytel.pdf\" class=\"wp-block-file__button\" download aria-describedby=\"wp-block-file--media-15fbbbe8-4f42-435b-976a-1df00798cf8d\">Pobierz<\/a><\/div>\n\n\n\n<h3 class=\"wp-block-heading\">Kandydaci do ZARZ\u0104DU REGIONU<\/h3>\n\n\n\n<div class=\"wp-block-file\"><a id=\"wp-block-file--media-287ea54f-85d5-420e-b4d5-1e3160bd317f\" href=\"https:\/\/kodmalopolska.pl\/wp-content\/uploads\/2022\/03\/prezentacja-MNalepa.pdf\">Maciej Nalepa<\/a><a href=\"https:\/\/kodmalopolska.pl\/wp-content\/uploads\/2022\/03\/prezentacja-MNalepa.pdf\" class=\"wp-block-file__button\" download aria-describedby=\"wp-block-file--media-287ea54f-85d5-420e-b4d5-1e3160bd317f\">Pobierz<\/a><\/div>\n\n\n\n<div class=\"wp-block-file\"><a id=\"wp-block-file--media-ca4dbb41-36e1-417f-a529-a99cdeb9a9d0\" href=\"https:\/\/kodmalopolska.pl\/wp-content\/uploads\/2022\/04\/Kandydatura-GAG.pdf\">Grzegorz G\u00f3rski<\/a><a href=\"https:\/\/kodmalopolska.pl\/wp-content\/uploads\/2022\/04\/Kandydatura-GAG.pdf\" class=\"wp-block-file__button\" download aria-describedby=\"wp-block-file--media-ca4dbb41-36e1-417f-a529-a99cdeb9a9d0\">Pobierz<\/a><\/div>\n\n\n\n<p>Ma\u0142gorzata Figa-Tomi\u0144ska<\/p>\n\n\n\n<p>Fryderyk Zoll<\/p>\n\n\n\n<h3 class=\"wp-block-heading\">Kandydaci do REGIONALNEJ KOMISJI REWIZYJNEJ<\/h3>\n\n\n\n<h3 class=\"wp-block-heading\">Kandydaci do REGIONALNEGO S\u0104DU KOLE\u017bE\u0143SKIEGO<\/h3>\n\n\n\n<h3 class=\"wp-block-heading\">Kandydaci na DELEGAT\u00d3W NA ZJAZD KRAJOWY<\/h3>\n\n\n\n<p>Ewelina Pytel<\/p>\n\n\n\n<p>Maciej Nalepa<\/p>\n","protected":false},"excerpt":{"rendered":"<p>Zarz\u0105d Regionu Ma\u0142opolskieKomitetu Obrony Demokracjiinformuje o zwo\u0142aniuZWYCZAJNEGO REGIONALNEGOWALNEGO ZEBRANIA CZ\u0141ONK\u00d3W Na tej stronie znajd\u0105 Pa\u0144stwo wszystkie aktualne informacje o Zje\u017adzie [&#8230;]<\/p>\n","protected":false},"author":24,"featured_media":30584,"parent":0,"menu_order":0,"comment_status":"closed","ping_status":"closed","template":"","meta":{"footnotes":""},"categories":[],"tags":[],"class_list":["post-30578","page","type-page","status-publish","has-post-thumbnail","hentry"],"_links":{"self":[{"href":"https:\/\/kodmalopolska.pl\/index.php?rest_route=\/wp\/v2\/pages\/30578","targetHints":{"allow":["GET"]}}],"collection":[{"href":"https:\/\/kodmalopolska.pl\/index.php?rest_route=\/wp\/v2\/pages"}],"about":[{"href":"https:\/\/kodmalopolska.pl\/index.php?rest_route=\/wp\/v2\/types\/page"}],"author":[{"embeddable":true,"href":"https:\/\/kodmalopolska.pl\/index.php?rest_route=\/wp\/v2\/users\/24"}],"replies":[{"embeddable":true,"href":"https:\/\/kodmalopolska.pl\/index.php?rest_route=%2Fwp%2Fv2%2Fcomments&post=30578"}],"version-history":[{"count":0,"href":"https:\/\/kodmalopolska.pl\/index.php?rest_route=\/wp\/v2\/pages\/30578\/revisions"}],"wp:featuredmedia":[{"embeddable":true,"href":"https:\/\/kodmalopolska.pl\/index.php?rest_route=\/wp\/v2\/media\/30584"}],"wp:attachment":[{"href":"https:\/\/kodmalopolska.pl\/index.php?rest_route=%2Fwp%2Fv2%2Fmedia&parent=30578"}],"wp:term":[{"taxonomy":"category","embeddable":true,"href":"https:\/\/kodmalopolska.pl\/index.php?rest_route=%2Fwp%2Fv2%2Fcategories&post=30578"},{"taxonomy":"post_tag","embeddable":true,"href":"https:\/\/kodmalopolska.pl\/index.php?rest_route=%2Fwp%2Fv2%2Ftags&post=30578"}],"curies":[{"name":"wp","href":"https:\/\/api.w.org\/{rel}","templated":true}]}}