{"id":20774,"date":"2020-11-12T13:41:51","date_gmt":"2020-11-12T12:41:51","guid":{"rendered":"https:\/\/kodmalopolska.pl\/?page_id=20774"},"modified":"2024-09-16T15:59:57","modified_gmt":"2024-09-16T13:59:57","slug":"pomoc-prawna-2","status":"publish","type":"page","link":"https:\/\/kodmalopolska.pl\/?page_id=20774","title":{"rendered":"Pomoc prawna dla represjonowanych"},"content":{"rendered":"\n<p>Zarz\u0105d KOD Ma\u0142opolskie przypomina o telefonie alarmowym, pod kt\u00f3ry mog\u0105 dzwoni\u0107 cz\u0142onkowie Stowarzyszenia i wszyscy szykanowani za obron\u0119 demokracji i praw cz\u0142owieka.<\/p>\n\n\n\n<h2 class=\"wp-block-heading has-text-color\" style=\"color:#ed9b33\"><strong>tel. 517 228 666<\/strong><\/h2>\n\n\n\n<p>Mamy nadziej\u0119, \u017ce ten telefon nigdy si\u0119 nie przyda, ale do\u015bwiadczenie uczy nas, \u017ce musimy by\u0107 przygotowani na trudno\u015bci. <\/p>\n\n\n\n<p>Wszyscy, kt\u00f3rzy na skutek swego zaanga\u017cowania w KOD i obron\u0119 demokracji oraz praw cz\u0142owieka stan\u0105 si\u0119 ofiar\u0105 przemocy czy kradzie\u017cy, zostan\u0105 bezpodstawnie aresztowani lub oskar\u017ceni, albo te\u017c b\u0119d\u0105 szykanowani w pracy, prosimy o zg\u0142oszenie. B\u0119dziemy solidarni.<\/p>\n\n\n\n<p><strong>Telefon s\u0142u\u017cy wy\u0142\u0105cznie do kontaktu w nag\u0142ych sytuacjach, nie do bie\u017c\u0105cych porad prawnych.<\/strong><\/p>\n\n\n\n<p><\/p>\n","protected":false},"excerpt":{"rendered":"<p>Zarz\u0105d KOD Ma\u0142opolskie przypomina o telefonie alarmowym, pod kt\u00f3ry mog\u0105 dzwoni\u0107 cz\u0142onkowie Stowarzyszenia i wszyscy szykanowani za obron\u0119 demokracji i [&#8230;]<\/p>\n","protected":false},"author":24,"featured_media":20775,"parent":0,"menu_order":0,"comment_status":"closed","ping_status":"closed","template":"","meta":{"_EventAllDay":false,"_EventTimezone":"","_EventStartDate":"","_EventEndDate":"","_EventStartDateUTC":"","_EventEndDateUTC":"","_EventShowMap":false,"_EventShowMapLink":false,"_EventURL":"","_EventCost":"","_EventCostDescription":"","_EventCurrencySymbol":"","_EventCurrencyCode":"","_EventCurrencyPosition":"","_EventDateTimeSeparator":"","_EventTimeRangeSeparator":"","_EventOrganizerID":[],"_EventVenueID":[],"_OrganizerEmail":"","_OrganizerPhone":"","_OrganizerWebsite":"","_VenueAddress":"","_VenueCity":"","_VenueCountry":"","_VenueProvince":"","_VenueState":"","_VenueZip":"","_VenuePhone":"","_VenueURL":"","_VenueStateProvince":"","_VenueLat":"","_VenueLng":"","_VenueShowMap":false,"_VenueShowMapLink":false,"footnotes":""},"categories":[52],"tags":[27],"class_list":["post-20774","page","type-page","status-publish","has-post-thumbnail","hentry","category-prawno-interwencyjna-grupy-wsparcia","tag-featured","prawno-interwencyjna-grupy-wsparcia"],"_links":{"self":[{"href":"https:\/\/kodmalopolska.pl\/index.php?rest_route=\/wp\/v2\/pages\/20774","targetHints":{"allow":["GET"]}}],"collection":[{"href":"https:\/\/kodmalopolska.pl\/index.php?rest_route=\/wp\/v2\/pages"}],"about":[{"href":"https:\/\/kodmalopolska.pl\/index.php?rest_route=\/wp\/v2\/types\/page"}],"author":[{"embeddable":true,"href":"https:\/\/kodmalopolska.pl\/index.php?rest_route=\/wp\/v2\/users\/24"}],"replies":[{"embeddable":true,"href":"https:\/\/kodmalopolska.pl\/index.php?rest_route=%2Fwp%2Fv2%2Fcomments&post=20774"}],"version-history":[{"count":0,"href":"https:\/\/kodmalopolska.pl\/index.php?rest_route=\/wp\/v2\/pages\/20774\/revisions"}],"wp:featuredmedia":[{"embeddable":true,"href":"https:\/\/kodmalopolska.pl\/index.php?rest_route=\/wp\/v2\/media\/20775"}],"wp:attachment":[{"href":"https:\/\/kodmalopolska.pl\/index.php?rest_route=%2Fwp%2Fv2%2Fmedia&parent=20774"}],"wp:term":[{"taxonomy":"category","embeddable":true,"href":"https:\/\/kodmalopolska.pl\/index.php?rest_route=%2Fwp%2Fv2%2Fcategories&post=20774"},{"taxonomy":"post_tag","embeddable":true,"href":"https:\/\/kodmalopolska.pl\/index.php?rest_route=%2Fwp%2Fv2%2Ftags&post=20774"}],"curies":[{"name":"wp","href":"https:\/\/api.w.org\/{rel}","templated":true}]}}