{"id":14462,"date":"2019-12-06T11:48:53","date_gmt":"2019-12-06T10:48:53","guid":{"rendered":"https:\/\/kodmalopolska.pl\/?page_id=14462"},"modified":"2020-01-27T21:19:18","modified_gmt":"2020-01-27T20:19:18","slug":"walne2020","status":"publish","type":"page","link":"https:\/\/kodmalopolska.pl\/?page_id=14462","title":{"rendered":"Regionalne Walne Zebranie Cz\u0142onk\u00f3w Regionu Ma\u0142opolskie &#8211; 11 stycznia 2020"},"content":{"rendered":"\n<p> <\/p>\n\n\n\n<h1 class=\"has-text-align-center wp-block-heading\">Zarz\u0105d Regionu Ma\u0142opolskie<br \/>Komitetu Obrony Demokracji<br \/>informuje o zwo\u0142aniu<br \/>uchwa\u0142\u0105 nr ZRM\u0141P\/2019\/10\/28\/1<strong><br \/><\/strong>ZWYCZAJNEGO REGIONALNEGO<br \/>WALNEGO ZEBRANIA CZ\u0141ONK\u00d3W<\/h1>\n\n\n\n<p style=\"background-color:#ed9b33;color:#ffffff\" class=\"has-text-color has-background has-text-align-center\"><strong>Na tej stronie znajd\u0105 Pa\u0144stwo wszystkie aktualne informacje o Zje\u017adzie oraz prezentacje kandydat\u00f3w<\/strong><\/p>\n\n\n\n<p>Zebranie odb\u0119dzie si\u0119&nbsp;w dniu <strong>11 stycznia 2020 r. w Krakowie, ul. Galicyjska 9<\/strong> (EXPO Krak\u00f3w).<\/p>\n\n\n\n<p>Rozpocz\u0119cie zebrania <strong>o godzinie 10:30<\/strong> (pierwszy termin), ul. Galicyjska 9 w Krakowie.<br \/>Rejestracja cz\u0142onk\u00f3w i wydawanie mandat\u00f3w rozpocznie si\u0119 o godz. 10:00.<br \/>W przypadku braku kworum w pierwszym terminie, zebranie odb\u0119dzie si\u0119 w drugim terminie o godz. 11:30.<\/p>\n\n\n\n<p>G\u0142\u00f3wnym punktem obrad b\u0119dzie wyb\u00f3r nowych w\u0142adz regionu w zwi\u0105zku z up\u0142ywaj\u0105c\u0105 w styczniu kadencj\u0105 obecnych w\u0142adz.<br \/>B\u0119dziemy wybiera\u0107 nowych cz\u0142onk\u00f3w:<\/p>\n\n\n\n<ul class=\"wp-block-list\"><li>Zarz\u0105du Regionu, w tym Przewodnicz\u0105cego<\/li><li>Regionalnej Komisji Rewizyjnej<\/li><li>Regionalnego S\u0105du Kole\u017ce\u0144skiego<\/li><li>delegat\u00f3w na zjazd krajowy<\/li><\/ul>\n\n\n\n<p>W ci\u0105gu kilku najbli\u017cszych dni otrzymaj\u0105 Pa\u0144stwo zawiadomienia o zwo\u0142aniu Zebrania w spos\u00f3b wskazany w deklaracji cz\u0142onkowskiej (mailem lub listem). <\/p>\n\n\n\n<p>Oczekujemy na zg\u0142oszenia ch\u0119tnych kandydat\u00f3w (zg\u0142osi\u0107 mo\u017cna kogo\u015b lub siebie).<\/p>\n\n\n\n<h2 class=\"has-text-color wp-block-heading\" style=\"color:#ed9b33\">Jak zg\u0142osi\u0107 kandydata?<\/h2>\n\n\n\n<p>Zg\u0142oszenia nale\u017cy dokona\u0107 poprzez wype\u0142nienie formularza zg\u0142oszenia kandydata, kt\u00f3ry znajduje si\u0119 poni\u017cej. WA\u017bNE! Kandydat musi wyrazi\u0107 zgod\u0119 poprzez podpis na formularzu.<\/p>\n\n\n\n<p>Formularz zg\u0142oszenia mo\u017cna przekaza\u0107 na 3 sposoby:<br \/>1. W dniu zebrania<br \/>2. Do biura KOD Ma\u0142opolskie (Krak\u00f3w, ul. Ko\u015bciuszki 74\/13) do dnia 9 stycznia 2020<br \/>3. Skan formularza przes\u0142a\u0107 na adres biuro@kodmalopolska.pl do dnia 9 stycznia 2020<\/p>\n\n\n\n<h2 class=\"has-text-color wp-block-heading\" style=\"color:#ed9b33\">Dokumenty:<\/h2>\n\n\n\n<div class=\"wp-block-file\"><a href=\"https:\/\/kodmalopolska.pl\/wp-content\/uploads\/2019\/12\/ZRM\u0141P-2019-10-28-1.pdf\">&#8211;  Uchwa\u0142a ZRM\u0141P\/2019\/10\/28\/1 zwo\u0142uj\u0105ca Zebranie <\/a><a href=\"https:\/\/kodmalopolska.pl\/wp-content\/uploads\/2019\/12\/ZRM\u0141P-2019-10-28-1.pdf\" class=\"wp-block-file__button\" download>Pobierz<\/a><\/div>\n\n\n\n<div class=\"wp-block-file\"><a href=\"https:\/\/kodmalopolska.pl\/wp-content\/uploads\/2019\/12\/formularz-zg\u0142oszenia.pdf\">&#8211;  Formularz zg\u0142oszenia kandydata w wyborach<\/a><a href=\"https:\/\/kodmalopolska.pl\/wp-content\/uploads\/2019\/12\/formularz-zg\u0142oszenia.pdf\" class=\"wp-block-file__button\" download>Pobierz<\/a><\/div>\n\n\n\n<div class=\"wp-block-file\"><a href=\"https:\/\/kodmalopolska.pl\/wp-content\/uploads\/2019\/12\/porz\u0105dek-obrad.pdf\">&#8211;  Proponowany porz\u0105dek obrad<\/a><a href=\"https:\/\/kodmalopolska.pl\/wp-content\/uploads\/2019\/12\/porz\u0105dek-obrad.pdf\" class=\"wp-block-file__button\" download>Pobierz<\/a><\/div>\n\n\n\n<div class=\"wp-block-file\"><a href=\"https:\/\/kodmalopolska.pl\/wp-content\/uploads\/2019\/12\/regulamin-obrad.pdf\">&#8211;  Proponowany regulamin obrad<\/a><a href=\"https:\/\/kodmalopolska.pl\/wp-content\/uploads\/2019\/12\/regulamin-obrad.pdf\" class=\"wp-block-file__button\" download>Pobierz<\/a><\/div>\n\n\n\n<h2 class=\"has-text-color wp-block-heading\" style=\"color:#ed9b33\">Prezentacje kandydat\u00f3w:<\/h2>\n\n\n\n<p>Ka\u017cdy kandydat, kt\u00f3ry zostanie zg\u0142oszony przed zjazdem ma mo\u017cliwo\u015b\u0107 zamieszczenia prezentacji swojej kandydatury poni\u017cej na tej stronie.<br \/>Prezentacje prosimy przesy\u0142a\u0107 w formacie PDF na adres mailowy biuro@kodmalopolska.pl <\/p>\n\n\n\n<h3 class=\"wp-block-heading\">Kandydaci na PRZEWODNICZ\u0104CEGO ZARZ\u0104DU REGIONU<\/h3>\n\n\n\n<div class=\"wp-block-file\"><a href=\"https:\/\/kodmalopolska.pl\/wp-content\/uploads\/2020\/01\/prezentacja-Ewelina-Pytel.pdf\">&#8211; Ewelina Pytel<\/a><a href=\"https:\/\/kodmalopolska.pl\/wp-content\/uploads\/2020\/01\/prezentacja-Ewelina-Pytel.pdf\" class=\"wp-block-file__button\" download>Pobierz<\/a><\/div>\n\n\n\n<div class=\"wp-block-file\"><a href=\"https:\/\/kodmalopolska.pl\/wp-content\/uploads\/2020\/01\/prezentacja-Grzegorz-Wi\u015bniowski.pdf\">&#8211; Grzegorz Wi\u015bniowski<\/a><a href=\"https:\/\/kodmalopolska.pl\/wp-content\/uploads\/2020\/01\/prezentacja-Grzegorz-Wi\u015bniowski.pdf\" class=\"wp-block-file__button\" download>Pobierz<\/a><\/div>\n\n\n\n<h3 class=\"wp-block-heading\">Kandydaci do ZARZ\u0104DU REGIONU<\/h3>\n\n\n\n<div class=\"wp-block-file\"><a href=\"https:\/\/kodmalopolska.pl\/wp-content\/uploads\/2019\/12\/prezentacja-Maciej-Nalepa.pdf\">&#8211; Maciej Nalepa<\/a><a href=\"https:\/\/kodmalopolska.pl\/wp-content\/uploads\/2019\/12\/prezentacja-Maciej-Nalepa.pdf\" class=\"wp-block-file__button\" download>Pobierz<\/a><\/div>\n\n\n\n<div class=\"wp-block-file\"><a href=\"https:\/\/kodmalopolska.pl\/wp-content\/uploads\/2020\/01\/prezentacja-Ewelina-Pytel.pdf\">&#8211; Ewelina Pytel<\/a><a href=\"https:\/\/kodmalopolska.pl\/wp-content\/uploads\/2020\/01\/prezentacja-Ewelina-Pytel.pdf\" class=\"wp-block-file__button\" download>Pobierz<\/a><\/div>\n\n\n\n<div class=\"wp-block-file\"><a href=\"https:\/\/kodmalopolska.pl\/wp-content\/uploads\/2020\/01\/prezentacja-Grzegorz-Wi\u015bniowski.pdf\">&#8211; Grzegorz Wi\u015bniowski<\/a><a href=\"https:\/\/kodmalopolska.pl\/wp-content\/uploads\/2020\/01\/prezentacja-Grzegorz-Wi\u015bniowski.pdf\" class=\"wp-block-file__button\" download>Pobierz<\/a><\/div>\n\n\n\n<div class=\"wp-block-file\"><a href=\"https:\/\/kodmalopolska.pl\/wp-content\/uploads\/2020\/01\/prezentacja-fryderyk-zoll.pdf\">&#8211; Fryderyk Zoll<\/a><a href=\"https:\/\/kodmalopolska.pl\/wp-content\/uploads\/2020\/01\/prezentacja-fryderyk-zoll.pdf\" class=\"wp-block-file__button\" download>Pobierz<\/a><\/div>\n\n\n\n<div class=\"wp-block-file\"><a href=\"https:\/\/kodmalopolska.pl\/wp-content\/uploads\/2020\/01\/prezentacja-tadeusz-ku\u015b.pdf\">&#8211; Tadeusz Ku\u015b<\/a><a href=\"https:\/\/kodmalopolska.pl\/wp-content\/uploads\/2020\/01\/prezentacja-tadeusz-ku\u015b.pdf\" class=\"wp-block-file__button\" download>Pobierz<\/a><\/div>\n\n\n\n<div class=\"wp-block-file\"><a href=\"https:\/\/kodmalopolska.pl\/wp-content\/uploads\/2020\/01\/prezentacja-Ma\u0142gorzata-Figa-Tomi\u0144ska.pdf\">&#8211; Ma\u0142gorzata Figa-Tomi\u0144ska<\/a><a href=\"https:\/\/kodmalopolska.pl\/wp-content\/uploads\/2020\/01\/prezentacja-Ma\u0142gorzata-Figa-Tomi\u0144ska.pdf\" class=\"wp-block-file__button\" download>Pobierz<\/a><\/div>\n\n\n\n<p>&#8211; Gra\u017cyna Macha\u0142a<\/p>\n\n\n\n<div class=\"wp-block-file\"><a href=\"https:\/\/kodmalopolska.pl\/wp-content\/uploads\/2020\/01\/Prezentacja-Maciej-Dudek.pdf\">&#8211; Maciej Dudek<\/a><a href=\"https:\/\/kodmalopolska.pl\/wp-content\/uploads\/2020\/01\/Prezentacja-Maciej-Dudek.pdf\" class=\"wp-block-file__button\" download>Pobierz<\/a><\/div>\n\n\n\n<h3 class=\"wp-block-heading\">Kandydaci do REGIONALNEJ KOMISJI REWIZYJNEJ<\/h3>\n\n\n\n<p> &#8211; Jolanta Gablankowska-Kukucz<\/p>\n\n\n\n<p>&#8211; Micha\u0142 Zieleniewski<\/p>\n\n\n\n<p>&#8211; Zdzis\u0142aw Wagner<\/p>\n\n\n\n<p>&#8211; Zdzis\u0142aw Janus<\/p>\n\n\n\n<h3 class=\"wp-block-heading\">Kandydaci do REGIONALNEGO S\u0104DU KOLE\u017bE\u0143SKIEGO<\/h3>\n\n\n\n<p>&#8211; Adam Grobler<\/p>\n\n\n\n<h3 class=\"wp-block-heading\">Kandydaci na DELEGAT\u00d3W NA ZJAZD KRAJOWY<\/h3>\n\n\n\n<div class=\"wp-block-file\"><a href=\"https:\/\/kodmalopolska.pl\/wp-content\/uploads\/2019\/12\/prezentacja-Maciej-Nalepa.pdf\">&#8211; Maciej Nalepa<\/a><a href=\"https:\/\/kodmalopolska.pl\/wp-content\/uploads\/2019\/12\/prezentacja-Maciej-Nalepa.pdf\" class=\"wp-block-file__button\" download>Pobierz<\/a><\/div>\n\n\n\n<div class=\"wp-block-file\"><a href=\"https:\/\/kodmalopolska.pl\/wp-content\/uploads\/2020\/01\/prezentacja-Ewelina-Pytel.pdf\">&#8211; Ewelina Pytel<\/a><a href=\"https:\/\/kodmalopolska.pl\/wp-content\/uploads\/2020\/01\/prezentacja-Ewelina-Pytel.pdf\" class=\"wp-block-file__button\" download>Pobierz<\/a><\/div>\n\n\n\n<div class=\"wp-block-file\"><a href=\"https:\/\/kodmalopolska.pl\/wp-content\/uploads\/2020\/01\/prezentacja-bart\u0142omiej-swaczyna.pdf\">&#8211; Bart\u0142omiej Swaczyna<\/a><a href=\"https:\/\/kodmalopolska.pl\/wp-content\/uploads\/2020\/01\/prezentacja-bart\u0142omiej-swaczyna.pdf\" class=\"wp-block-file__button\" download>Pobierz<\/a><\/div>\n\n\n\n<p>&#8211; Adam Grobler<\/p>\n\n\n\n<div class=\"wp-block-file\"><a href=\"https:\/\/kodmalopolska.pl\/wp-content\/uploads\/2020\/01\/prezentacja-tadeusz-ku\u015b.pdf\">&#8211; Tadeusz Ku\u015b<\/a><a href=\"https:\/\/kodmalopolska.pl\/wp-content\/uploads\/2020\/01\/prezentacja-tadeusz-ku\u015b.pdf\" class=\"wp-block-file__button\" download>Pobierz<\/a><\/div>\n\n\n\n<div class=\"wp-block-file\"><a href=\"https:\/\/kodmalopolska.pl\/wp-content\/uploads\/2020\/01\/prezentacja-Piotr-Kalista.pdf\">&#8211; Piotr Kalista<\/a><a href=\"https:\/\/kodmalopolska.pl\/wp-content\/uploads\/2020\/01\/prezentacja-Piotr-Kalista.pdf\" class=\"wp-block-file__button\" download>Pobierz<\/a><\/div>\n","protected":false},"excerpt":{"rendered":"<p>Zarz\u0105d Regionu Ma\u0142opolskieKomitetu Obrony Demokracjiinformuje o zwo\u0142aniuuchwa\u0142\u0105 nr ZRM\u0141P\/2019\/10\/28\/1ZWYCZAJNEGO REGIONALNEGOWALNEGO ZEBRANIA CZ\u0141ONK\u00d3W Na tej stronie znajd\u0105 Pa\u0144stwo wszystkie aktualne informacje [&#8230;]<\/p>\n","protected":false},"author":24,"featured_media":14475,"parent":0,"menu_order":0,"comment_status":"closed","ping_status":"closed","template":"","meta":{"footnotes":""},"categories":[267],"tags":[],"class_list":["post-14462","page","type-page","status-publish","has-post-thumbnail","hentry","category-1-zebranie-walne","1-zebranie-walne"],"_links":{"self":[{"href":"https:\/\/kodmalopolska.pl\/index.php?rest_route=\/wp\/v2\/pages\/14462","targetHints":{"allow":["GET"]}}],"collection":[{"href":"https:\/\/kodmalopolska.pl\/index.php?rest_route=\/wp\/v2\/pages"}],"about":[{"href":"https:\/\/kodmalopolska.pl\/index.php?rest_route=\/wp\/v2\/types\/page"}],"author":[{"embeddable":true,"href":"https:\/\/kodmalopolska.pl\/index.php?rest_route=\/wp\/v2\/users\/24"}],"replies":[{"embeddable":true,"href":"https:\/\/kodmalopolska.pl\/index.php?rest_route=%2Fwp%2Fv2%2Fcomments&post=14462"}],"version-history":[{"count":0,"href":"https:\/\/kodmalopolska.pl\/index.php?rest_route=\/wp\/v2\/pages\/14462\/revisions"}],"wp:featuredmedia":[{"embeddable":true,"href":"https:\/\/kodmalopolska.pl\/index.php?rest_route=\/wp\/v2\/media\/14475"}],"wp:attachment":[{"href":"https:\/\/kodmalopolska.pl\/index.php?rest_route=%2Fwp%2Fv2%2Fmedia&parent=14462"}],"wp:term":[{"taxonomy":"category","embeddable":true,"href":"https:\/\/kodmalopolska.pl\/index.php?rest_route=%2Fwp%2Fv2%2Fcategories&post=14462"},{"taxonomy":"post_tag","embeddable":true,"href":"https:\/\/kodmalopolska.pl\/index.php?rest_route=%2Fwp%2Fv2%2Ftags&post=14462"}],"curies":[{"name":"wp","href":"https:\/\/api.w.org\/{rel}","templated":true}]}}