{"id":10317,"date":"2018-10-04T01:21:50","date_gmt":"2018-10-03T23:21:50","guid":{"rendered":"https:\/\/kodmalopolska.pl\/?page_id=10317"},"modified":"2026-03-29T12:22:59","modified_gmt":"2026-03-29T10:22:59","slug":"sklad-regionalnej-komisji-rewizyjnej","status":"publish","type":"page","link":"https:\/\/kodmalopolska.pl\/?page_id=10317","title":{"rendered":"Sk\u0142ad Regionalnej Komisji Rewizyjnej"},"content":{"rendered":"\n<h3 class=\"wp-block-heading\">Kadencja V (od 23.03.2026)<\/h3>\n\n\n\n<p>Grzegorz G\u00f3rski<br \/>Jacek Ni\u017anikiewicz<br \/>Magdalena Chuderska-Hrabiec<\/p>\n\n\n\n<hr class=\"wp-block-separator has-alpha-channel-opacity\"\/>\n\n\n\n<h3 class=\"wp-block-heading\">Kadencja IV (od 3.04.2024)<\/h3>\n\n\n\n<p>Witold Krawczyk<br \/>Ilona Oleksiuk<br \/>Jan Friedberg (od 10.10.2024)<\/p>\n\n\n\n<p>Rezygnacja z cz\u0142onkostwa:<br \/>Jolanta Gablankowska-Kukucz (1.08.2024)<br \/><\/p>\n\n\n\n<hr class=\"wp-block-separator has-alpha-channel-opacity\"\/>\n\n\n\n<h3 class=\"wp-block-heading\">Kadencja III (od 3.04.2022)<\/h3>\n\n\n\n<p>Jolanta Gablankowska-Kukucz &#8211; przewodnicz\u0105ca<br \/>Wojciech de Tarnawa Broniewski<br \/>Grzegorz Wi\u015bniowski<\/p>\n\n\n\n<hr class=\"wp-block-separator has-css-opacity\"\/>\n\n\n\n<h5 class=\"wp-block-heading\">Kadencja II (od 28.01.2020)<\/h5>\n\n\n\n<p><em>Jolanta Gablankowska-Kukucz &#8211; przewodnicz\u0105ca, Zdzis\u0142aw Janus, Micha\u0142 Zieleniewski, Jolanta Ku\u015b<\/em><\/p>\n","protected":false},"excerpt":{"rendered":"<p>Kadencja V (od 23.03.2026) Grzegorz G\u00f3rskiJacek Ni\u017anikiewiczMagdalena Chuderska-Hrabiec Kadencja IV (od 3.04.2024) Witold KrawczykIlona OleksiukJan Friedberg (od 10.10.2024) Rezygnacja z [&#8230;]<\/p>\n","protected":false},"author":11,"featured_media":0,"parent":0,"menu_order":0,"comment_status":"closed","ping_status":"closed","template":"","meta":{"_EventAllDay":false,"_EventTimezone":"","_EventStartDate":"","_EventEndDate":"","_EventStartDateUTC":"","_EventEndDateUTC":"","_EventShowMap":false,"_EventShowMapLink":false,"_EventURL":"","_EventCost":"","_EventCostDescription":"","_EventCurrencySymbol":"","_EventCurrencyCode":"","_EventCurrencyPosition":"","_EventDateTimeSeparator":"","_EventTimeRangeSeparator":"","_EventOrganizerID":[],"_EventVenueID":[],"_OrganizerEmail":"","_OrganizerPhone":"","_OrganizerWebsite":"","_VenueAddress":"","_VenueCity":"","_VenueCountry":"","_VenueProvince":"","_VenueState":"","_VenueZip":"","_VenuePhone":"","_VenueURL":"","_VenueStateProvince":"","_VenueLat":"","_VenueLng":"","_VenueShowMap":false,"_VenueShowMapLink":false,"footnotes":""},"categories":[],"tags":[],"class_list":["post-10317","page","type-page","status-publish","hentry"],"_links":{"self":[{"href":"https:\/\/kodmalopolska.pl\/index.php?rest_route=\/wp\/v2\/pages\/10317","targetHints":{"allow":["GET"]}}],"collection":[{"href":"https:\/\/kodmalopolska.pl\/index.php?rest_route=\/wp\/v2\/pages"}],"about":[{"href":"https:\/\/kodmalopolska.pl\/index.php?rest_route=\/wp\/v2\/types\/page"}],"author":[{"embeddable":true,"href":"https:\/\/kodmalopolska.pl\/index.php?rest_route=\/wp\/v2\/users\/11"}],"replies":[{"embeddable":true,"href":"https:\/\/kodmalopolska.pl\/index.php?rest_route=%2Fwp%2Fv2%2Fcomments&post=10317"}],"version-history":[{"count":1,"href":"https:\/\/kodmalopolska.pl\/index.php?rest_route=\/wp\/v2\/pages\/10317\/revisions"}],"predecessor-version":[{"id":39154,"href":"https:\/\/kodmalopolska.pl\/index.php?rest_route=\/wp\/v2\/pages\/10317\/revisions\/39154"}],"wp:attachment":[{"href":"https:\/\/kodmalopolska.pl\/index.php?rest_route=%2Fwp%2Fv2%2Fmedia&parent=10317"}],"wp:term":[{"taxonomy":"category","embeddable":true,"href":"https:\/\/kodmalopolska.pl\/index.php?rest_route=%2Fwp%2Fv2%2Fcategories&post=10317"},{"taxonomy":"post_tag","embeddable":true,"href":"https:\/\/kodmalopolska.pl\/index.php?rest_route=%2Fwp%2Fv2%2Ftags&post=10317"}],"curies":[{"name":"wp","href":"https:\/\/api.w.org\/{rel}","templated":true}]}}